{"id":10169,"date":"2022-11-07T19:52:31","date_gmt":"2022-11-07T17:52:31","guid":{"rendered":"https:\/\/www.baubiologie.or.at\/bbi\/?page_id=10169"},"modified":"2022-11-07T19:52:31","modified_gmt":"2022-11-07T17:52:31","slug":"gastzugang-zum-fernlehrgang-baubiologie-anfordern","status":"publish","type":"page","link":"https:\/\/www.baubiologie.or.at\/bbi\/gastzugang-zum-fernlehrgang-baubiologie-anfordern\/","title":{"rendered":"Gastzugang zum Fernlehrgang Baubiologie anfordern"},"content":{"rendered":"\n<style type=\"text\/css\" data-created_by=\"avia_inline_auto\" id=\"style-css-av-la72tkwp-033c6c309208343382586ef8668f832f\">\n#top .av-special-heading.av-la72tkwp-033c6c309208343382586ef8668f832f{\npadding-bottom:10px;\n}\nbody .av-special-heading.av-la72tkwp-033c6c309208343382586ef8668f832f .av-special-heading-tag .heading-char{\nfont-size:25px;\n}\n.av-special-heading.av-la72tkwp-033c6c309208343382586ef8668f832f .av-subheading{\nfont-size:15px;\n}\n<\/style>\n<div  class='av-special-heading av-la72tkwp-033c6c309208343382586ef8668f832f av-special-heading-h3 blockquote modern-quote modern-centered  avia-builder-el-0  el_before_av_hr  avia-builder-el-first '><h3 class='av-special-heading-tag '  itemprop=\"headline\"  >Hier k\u00f6nnen Sie einen Gastzugang zum Fernlehrgang Baubiologie anfordern<\/h3><div class=\"special-heading-border\"><div class=\"special-heading-inner-border\"><\/div><\/div><\/div>\n<div  class='hr av-la72ywhx-1505f953e7e6ea83739ec80f84ba244d hr-short  avia-builder-el-1  el_after_av_heading  el_before_av_textblock  hr-center'><span class='hr-inner '><span class=\"hr-inner-style\"><\/span><\/span><\/div>\n<section  class='av_textblock_section av-la72zepy-adad30ec04b3ca196043dffb0d1c18a5 '   itemscope=\"itemscope\" itemtype=\"https:\/\/schema.org\/CreativeWork\" ><div class='avia_textblock'  itemprop=\"text\" >\n<div class=\"wpcf7 no-js\" id=\"wpcf7-f10167-o1\" lang=\"de-DE\" dir=\"ltr\" data-wpcf7-id=\"10167\">\n<div class=\"screen-reader-response\"><p role=\"status\" aria-live=\"polite\" aria-atomic=\"true\"><\/p> <ul><\/ul><\/div>\n<form action=\"\/bbi\/wp-json\/wp\/v2\/pages\/10169#wpcf7-f10167-o1\" method=\"post\" class=\"wpcf7-form init\" aria-label=\"Kontaktformular\" novalidate=\"novalidate\" data-status=\"init\">\n<fieldset class=\"hidden-fields-container\"><input type=\"hidden\" name=\"_wpcf7\" value=\"10167\" \/><input type=\"hidden\" name=\"_wpcf7_version\" value=\"6.1.4\" \/><input type=\"hidden\" name=\"_wpcf7_locale\" value=\"de_DE\" \/><input type=\"hidden\" name=\"_wpcf7_unit_tag\" value=\"wpcf7-f10167-o1\" \/><input type=\"hidden\" name=\"_wpcf7_container_post\" value=\"0\" \/><input type=\"hidden\" name=\"_wpcf7_posted_data_hash\" value=\"\" \/><input type=\"hidden\" name=\"_wpcf7_recaptcha_response\" value=\"\" \/>\n<\/fieldset>\n<p>Ich ersuche um Zusendung eines Gastzugangs zum Fernlehrgang Baubiologie.\n<\/p>\n<p><label> Vor- und Nachname (Pflichtfeld)<br \/>\n<span class=\"wpcf7-form-control-wrap\" data-name=\"your-name\"><input size=\"40\" maxlength=\"400\" class=\"wpcf7-form-control wpcf7-text wpcf7-validates-as-required\" aria-required=\"true\" aria-invalid=\"false\" value=\"\" type=\"text\" name=\"your-name\" \/><\/span> <\/label>\n<\/p>\n<p><label> Telefonnummer (Pflichtfeld)<br \/>\n<span class=\"wpcf7-form-control-wrap\" data-name=\"your-tel-66\"><input size=\"40\" maxlength=\"400\" class=\"wpcf7-form-control wpcf7-tel wpcf7-validates-as-required wpcf7-text wpcf7-validates-as-tel\" aria-required=\"true\" aria-invalid=\"false\" value=\"\" type=\"tel\" name=\"your-tel-66\" \/><\/span> <\/label>\n<\/p>\n<p><label> E-Mail-Adresse (Pflichtfeld)<br \/>\n<span class=\"wpcf7-form-control-wrap\" data-name=\"your-email\"><input size=\"40\" maxlength=\"400\" class=\"wpcf7-form-control wpcf7-email wpcf7-validates-as-required wpcf7-text wpcf7-validates-as-email\" aria-required=\"true\" aria-invalid=\"false\" value=\"\" type=\"email\" name=\"your-email\" \/><\/span> <\/label>\n<\/p>\n<p><b>Einwilligungserkl\u00e4rung<\/b><br \/>\nIch stimme zu, dass meine oben angegebenen pers\u00f6nlichen Daten vom Baubiologischen Institut \u00d6sterreich, B\u00e4ckerm\u00fchlweg 1, 4030 Linz zu folgendem Zweck gespeichert und verarbeitet werden:<br \/>\n- Kontaktaufnahme und Vereinbarung von Terminen f\u00fcr zuk\u00fcnftige gemeinsame Projekte samt F\u00fchrung des Schriftverkehrs<br \/>\n- Zusendung eines Gastzuganges f\u00fcr den Fernlehrgang\n<\/p>\n<p>Diese Einwilligungserkl\u00e4rung kann jederzeit von mir beim Baubiologischen Institut \u00d6sterreich oder per eMail an<br \/>\n<a href=\"mailto:institut@baubiologie.or.at\" target=\"_blank\" rel=\"noopener\">institut@baubiologie.or.at<\/a> widerrufen werden.<br \/>\nInformationen zum Datenschutz des Baubiologischen Instituts sind auf der Website <a href=\"https:\/\/www.baubiologie.or.at\/bbi\/datenschutzerklaerung\/\" target=\"_blank\" rel=\"noopener\">www.baubiologie.or.at\/bbi\/datenschutzerklaerung\/<\/a> zu finden.<br \/>\nBei Kindern unter 14 Jahren ist die Zustimmung der Erziehungsberechtigten notwendig.\n<\/p>\n<p><span class=\"wpcf7-form-control-wrap\" data-name=\"acceptance-842\"><span class=\"wpcf7-form-control wpcf7-acceptance\"><span class=\"wpcf7-list-item\"><label><input type=\"checkbox\" name=\"acceptance-842\" value=\"1\" aria-invalid=\"false\" \/><span class=\"wpcf7-list-item-label\">Einwilligungserkl\u00e4rung - bitte ankreuzen<\/span><\/label><\/span><\/span><\/span>\n<\/p>\n<p><input class=\"wpcf7-form-control wpcf7-submit has-spinner\" type=\"submit\" value=\"Senden\" \/>\n<\/p><div class=\"wpcf7-response-output\" aria-hidden=\"true\"><\/div>\n<\/form>\n<\/div>\n\n<\/div><\/section>\n","protected":false},"excerpt":{"rendered":"","protected":false},"author":3,"featured_media":0,"parent":0,"menu_order":0,"comment_status":"closed","ping_status":"closed","template":"","meta":{"footnotes":""},"class_list":["post-10169","page","type-page","status-publish","hentry"],"yoast_head":"<!-- This site is optimized with the Yoast SEO plugin v26.4 - https:\/\/yoast.com\/wordpress\/plugins\/seo\/ -->\n<title>Gastzugang zum Fernlehrgang Baubiologie anfordern - BBI - Baubiologisches Institut \u00d6sterreich<\/title>\n<meta name=\"robots\" content=\"index, follow, max-snippet:-1, max-image-preview:large, max-video-preview:-1\" \/>\n<link rel=\"canonical\" href=\"https:\/\/www.baubiologie.or.at\/bbi\/gastzugang-zum-fernlehrgang-baubiologie-anfordern\/\" \/>\n<meta property=\"og:locale\" content=\"de_DE\" \/>\n<meta property=\"og:type\" content=\"article\" \/>\n<meta property=\"og:title\" content=\"Gastzugang zum Fernlehrgang Baubiologie anfordern - BBI - Baubiologisches Institut \u00d6sterreich\" \/>\n<meta property=\"og:url\" content=\"https:\/\/www.baubiologie.or.at\/bbi\/gastzugang-zum-fernlehrgang-baubiologie-anfordern\/\" \/>\n<meta property=\"og:site_name\" content=\"BBI - Baubiologisches Institut \u00d6sterreich\" \/>\n<meta property=\"article:publisher\" content=\"https:\/\/www.facebook.com\/BaubiologischesInstitut\" \/>\n<meta name=\"twitter:card\" content=\"summary_large_image\" \/>\n<meta name=\"twitter:label1\" content=\"Gesch\u00e4tzte Lesezeit\" \/>\n\t<meta name=\"twitter:data1\" content=\"1\u00a0Minute\" \/>\n<script type=\"application\/ld+json\" class=\"yoast-schema-graph\">{\"@context\":\"https:\/\/schema.org\",\"@graph\":[{\"@type\":\"WebPage\",\"@id\":\"https:\/\/www.baubiologie.or.at\/bbi\/gastzugang-zum-fernlehrgang-baubiologie-anfordern\/\",\"url\":\"https:\/\/www.baubiologie.or.at\/bbi\/gastzugang-zum-fernlehrgang-baubiologie-anfordern\/\",\"name\":\"Gastzugang zum Fernlehrgang Baubiologie anfordern - BBI - Baubiologisches Institut \u00d6sterreich\",\"isPartOf\":{\"@id\":\"https:\/\/www.baubiologie.or.at\/bbi\/#website\"},\"datePublished\":\"2022-11-07T17:52:31+00:00\",\"breadcrumb\":{\"@id\":\"https:\/\/www.baubiologie.or.at\/bbi\/gastzugang-zum-fernlehrgang-baubiologie-anfordern\/#breadcrumb\"},\"inLanguage\":\"de\",\"potentialAction\":[{\"@type\":\"ReadAction\",\"target\":[\"https:\/\/www.baubiologie.or.at\/bbi\/gastzugang-zum-fernlehrgang-baubiologie-anfordern\/\"]}]},{\"@type\":\"BreadcrumbList\",\"@id\":\"https:\/\/www.baubiologie.or.at\/bbi\/gastzugang-zum-fernlehrgang-baubiologie-anfordern\/#breadcrumb\",\"itemListElement\":[{\"@type\":\"ListItem\",\"position\":1,\"name\":\"Startseite\",\"item\":\"https:\/\/www.baubiologie.or.at\/bbi\/bbi-baubiologisches-institut-oesterreich-2-2\/\"},{\"@type\":\"ListItem\",\"position\":2,\"name\":\"Gastzugang zum Fernlehrgang Baubiologie anfordern\"}]},{\"@type\":\"WebSite\",\"@id\":\"https:\/\/www.baubiologie.or.at\/bbi\/#website\",\"url\":\"https:\/\/www.baubiologie.or.at\/bbi\/\",\"name\":\"BBI - Baubiologisches Institut \u00d6sterreich\",\"description\":\"Zentrum f\u00fcr gesundes Bauen, Wohnen und Leben\",\"publisher\":{\"@id\":\"https:\/\/www.baubiologie.or.at\/bbi\/#organization\"},\"potentialAction\":[{\"@type\":\"SearchAction\",\"target\":{\"@type\":\"EntryPoint\",\"urlTemplate\":\"https:\/\/www.baubiologie.or.at\/bbi\/?s={search_term_string}\"},\"query-input\":{\"@type\":\"PropertyValueSpecification\",\"valueRequired\":true,\"valueName\":\"search_term_string\"}}],\"inLanguage\":\"de\"},{\"@type\":\"Organization\",\"@id\":\"https:\/\/www.baubiologie.or.at\/bbi\/#organization\",\"name\":\"BBI - Baubiologisches Institut \u00d6sterreich\",\"url\":\"https:\/\/www.baubiologie.or.at\/bbi\/\",\"logo\":{\"@type\":\"ImageObject\",\"inLanguage\":\"de\",\"@id\":\"https:\/\/www.baubiologie.or.at\/bbi\/#\/schema\/logo\/image\/\",\"url\":\"https:\/\/www.baubiologie.or.at\/bbi\/wp-content\/uploads\/2019\/11\/BBI_Logo.png\",\"contentUrl\":\"https:\/\/www.baubiologie.or.at\/bbi\/wp-content\/uploads\/2019\/11\/BBI_Logo.png\",\"width\":572,\"height\":320,\"caption\":\"BBI - Baubiologisches Institut \u00d6sterreich\"},\"image\":{\"@id\":\"https:\/\/www.baubiologie.or.at\/bbi\/#\/schema\/logo\/image\/\"},\"sameAs\":[\"https:\/\/www.facebook.com\/BaubiologischesInstitut\",\"https:\/\/instagram.com\/baubiologisches_institut\"]}]}<\/script>\n<!-- \/ Yoast SEO plugin. -->","yoast_head_json":{"title":"Gastzugang zum Fernlehrgang Baubiologie anfordern - BBI - Baubiologisches Institut \u00d6sterreich","robots":{"index":"index","follow":"follow","max-snippet":"max-snippet:-1","max-image-preview":"max-image-preview:large","max-video-preview":"max-video-preview:-1"},"canonical":"https:\/\/www.baubiologie.or.at\/bbi\/gastzugang-zum-fernlehrgang-baubiologie-anfordern\/","og_locale":"de_DE","og_type":"article","og_title":"Gastzugang zum Fernlehrgang Baubiologie anfordern - BBI - Baubiologisches Institut \u00d6sterreich","og_url":"https:\/\/www.baubiologie.or.at\/bbi\/gastzugang-zum-fernlehrgang-baubiologie-anfordern\/","og_site_name":"BBI - Baubiologisches Institut \u00d6sterreich","article_publisher":"https:\/\/www.facebook.com\/BaubiologischesInstitut","twitter_card":"summary_large_image","twitter_misc":{"Gesch\u00e4tzte Lesezeit":"1\u00a0Minute"},"schema":{"@context":"https:\/\/schema.org","@graph":[{"@type":"WebPage","@id":"https:\/\/www.baubiologie.or.at\/bbi\/gastzugang-zum-fernlehrgang-baubiologie-anfordern\/","url":"https:\/\/www.baubiologie.or.at\/bbi\/gastzugang-zum-fernlehrgang-baubiologie-anfordern\/","name":"Gastzugang zum Fernlehrgang Baubiologie anfordern - BBI - Baubiologisches Institut \u00d6sterreich","isPartOf":{"@id":"https:\/\/www.baubiologie.or.at\/bbi\/#website"},"datePublished":"2022-11-07T17:52:31+00:00","breadcrumb":{"@id":"https:\/\/www.baubiologie.or.at\/bbi\/gastzugang-zum-fernlehrgang-baubiologie-anfordern\/#breadcrumb"},"inLanguage":"de","potentialAction":[{"@type":"ReadAction","target":["https:\/\/www.baubiologie.or.at\/bbi\/gastzugang-zum-fernlehrgang-baubiologie-anfordern\/"]}]},{"@type":"BreadcrumbList","@id":"https:\/\/www.baubiologie.or.at\/bbi\/gastzugang-zum-fernlehrgang-baubiologie-anfordern\/#breadcrumb","itemListElement":[{"@type":"ListItem","position":1,"name":"Startseite","item":"https:\/\/www.baubiologie.or.at\/bbi\/bbi-baubiologisches-institut-oesterreich-2-2\/"},{"@type":"ListItem","position":2,"name":"Gastzugang zum Fernlehrgang Baubiologie anfordern"}]},{"@type":"WebSite","@id":"https:\/\/www.baubiologie.or.at\/bbi\/#website","url":"https:\/\/www.baubiologie.or.at\/bbi\/","name":"BBI - Baubiologisches Institut \u00d6sterreich","description":"Zentrum f\u00fcr gesundes Bauen, Wohnen und Leben","publisher":{"@id":"https:\/\/www.baubiologie.or.at\/bbi\/#organization"},"potentialAction":[{"@type":"SearchAction","target":{"@type":"EntryPoint","urlTemplate":"https:\/\/www.baubiologie.or.at\/bbi\/?s={search_term_string}"},"query-input":{"@type":"PropertyValueSpecification","valueRequired":true,"valueName":"search_term_string"}}],"inLanguage":"de"},{"@type":"Organization","@id":"https:\/\/www.baubiologie.or.at\/bbi\/#organization","name":"BBI - Baubiologisches Institut \u00d6sterreich","url":"https:\/\/www.baubiologie.or.at\/bbi\/","logo":{"@type":"ImageObject","inLanguage":"de","@id":"https:\/\/www.baubiologie.or.at\/bbi\/#\/schema\/logo\/image\/","url":"https:\/\/www.baubiologie.or.at\/bbi\/wp-content\/uploads\/2019\/11\/BBI_Logo.png","contentUrl":"https:\/\/www.baubiologie.or.at\/bbi\/wp-content\/uploads\/2019\/11\/BBI_Logo.png","width":572,"height":320,"caption":"BBI - Baubiologisches Institut \u00d6sterreich"},"image":{"@id":"https:\/\/www.baubiologie.or.at\/bbi\/#\/schema\/logo\/image\/"},"sameAs":["https:\/\/www.facebook.com\/BaubiologischesInstitut","https:\/\/instagram.com\/baubiologisches_institut"]}]}},"_links":{"self":[{"href":"https:\/\/www.baubiologie.or.at\/bbi\/wp-json\/wp\/v2\/pages\/10169","targetHints":{"allow":["GET"]}}],"collection":[{"href":"https:\/\/www.baubiologie.or.at\/bbi\/wp-json\/wp\/v2\/pages"}],"about":[{"href":"https:\/\/www.baubiologie.or.at\/bbi\/wp-json\/wp\/v2\/types\/page"}],"author":[{"embeddable":true,"href":"https:\/\/www.baubiologie.or.at\/bbi\/wp-json\/wp\/v2\/users\/3"}],"replies":[{"embeddable":true,"href":"https:\/\/www.baubiologie.or.at\/bbi\/wp-json\/wp\/v2\/comments?post=10169"}],"version-history":[{"count":2,"href":"https:\/\/www.baubiologie.or.at\/bbi\/wp-json\/wp\/v2\/pages\/10169\/revisions"}],"predecessor-version":[{"id":10172,"href":"https:\/\/www.baubiologie.or.at\/bbi\/wp-json\/wp\/v2\/pages\/10169\/revisions\/10172"}],"wp:attachment":[{"href":"https:\/\/www.baubiologie.or.at\/bbi\/wp-json\/wp\/v2\/media?parent=10169"}],"curies":[{"name":"wp","href":"https:\/\/api.w.org\/{rel}","templated":true}]}}